{"id":19,"date":"2012-09-27T00:12:46","date_gmt":"2012-09-27T02:12:46","guid":{"rendered":"http:\/\/www.circulobellasartes.org.uy\/site\/?page_id=19"},"modified":"2019-03-05T23:02:08","modified_gmt":"2019-03-06T01:02:08","slug":"biografias","status":"publish","type":"page","link":"https:\/\/www.circulobellasartes.org.uy\/site\/biografias\/","title":{"rendered":"Biograf\u00edas"},"content":{"rendered":"<p style=\"text-align: justify;\"><a title=\"Jorge Damiani\" href=\"http:\/\/www.circulobellasartes.org.uy\/site\/biografias\/jorge-damiani\/\">Jorge Damiani<br \/>\n<\/a>\u201cInfatigablemente, sin prisa ni altibajos, Jorge Damiani elabora sus pinturas, investiga en ellas\u201d (&#8230;) \u201cAl acceder a la contemplaci\u00f3n de su extensa labor, se nota que sus pinturas no se entregan a la inmediatez de las miradas r\u00e1pidas, a los vistazos de sobrevuelo. Demandan en cambio afincarse en ellas y hacer un pausado recorrido, demorarse, interiorizarse lentamente\u201d (&#8230;) Carlos Caffera en \u201cLa Pintura erguida: Damiani\u201d<\/p>\n<p style=\"text-align: justify;\"><a title=\"Sergio Curto\" href=\"http:\/\/www.circulobellasartes.org.uy\/site\/biografias\/sergio-curto\/\">Sergio Curto <\/a><br \/>\nNaci\u00f3 en la ciudad de Quero, provincia de Belluno, el 20 de julio de 1922. Se radica en Montevideo en 1933. Comienza a estudiar dibujo con Enzo Kabreg\u00fa y luego contin\u00faa sus estudios de dibujo y pintura en el Taller de Domingo Giaudrone.<\/p>\n<p style=\"text-align: justify;\"><a title=\"Guillermo C. Rodr\u00edguez\" href=\"http:\/\/www.circulobellasartes.org.uy\/site\/biografias\/guillermo-rodriguez\/\">Guillermo Rodr\u00edguez<\/a><br \/>\nNace en Montevideo el 14 de Octubre de 1889. En el a\u00f1o 1909 asiste al C\u00edrculo de Bellas Artes bajo la ense\u00f1anza de Carlos Ma Herrera, Pedro Blanes Viale, Pedro Figari y Milo Berreta quienes contribuyen a darle un concepto sobre la pintura moderna de ese tiempo.<\/p>\n<div align=\"justify\"><a title=\"Hector Sgarbi\" href=\"http:\/\/www.circulobellasartes.org.uy\/site\/biografias\/hector-sgarbi\/\">H\u00e9ctor Sgarbi<br \/>\n<\/a>Pintor y Escultor nacido en Montevideo el 11 de marzo de 1905. Estudi\u00f3 en el C\u00edrculo de Bellas Artes donde tuvo como maestros a Jos\u00e9 Luis Zorrrilla de San Mart\u00edn, Guillermo Laborde, Vicente Puig y Antonio Pena.<\/div>\n<p>&nbsp;<\/p>\n","protected":false},"excerpt":{"rendered":"<p>Jorge Damiani \u201cInfatigablemente, sin prisa ni altibajos, Jorge Damiani elabora sus pinturas, investiga en ellas\u201d (&#8230;) \u201cAl acceder a la contemplaci\u00f3n de su extensa labor, se nota que sus pinturas no se entregan a la inmediatez de las miradas r\u00e1pidas, a los vistazos de sobrevuelo. Demandan en cambio afincarse en ellas y hacer un pausado [&hellip;]<\/p>\n","protected":false},"author":2,"featured_media":0,"parent":0,"menu_order":9,"comment_status":"open","ping_status":"closed","template":"","meta":{"footnotes":""},"class_list":["post-19","page","type-page","status-publish","hentry"],"jetpack_sharing_enabled":true,"_links":{"self":[{"href":"https:\/\/www.circulobellasartes.org.uy\/site\/wp-json\/wp\/v2\/pages\/19","targetHints":{"allow":["GET"]}}],"collection":[{"href":"https:\/\/www.circulobellasartes.org.uy\/site\/wp-json\/wp\/v2\/pages"}],"about":[{"href":"https:\/\/www.circulobellasartes.org.uy\/site\/wp-json\/wp\/v2\/types\/page"}],"author":[{"embeddable":true,"href":"https:\/\/www.circulobellasartes.org.uy\/site\/wp-json\/wp\/v2\/users\/2"}],"replies":[{"embeddable":true,"href":"https:\/\/www.circulobellasartes.org.uy\/site\/wp-json\/wp\/v2\/comments?post=19"}],"version-history":[{"count":3,"href":"https:\/\/www.circulobellasartes.org.uy\/site\/wp-json\/wp\/v2\/pages\/19\/revisions"}],"predecessor-version":[{"id":779,"href":"https:\/\/www.circulobellasartes.org.uy\/site\/wp-json\/wp\/v2\/pages\/19\/revisions\/779"}],"wp:attachment":[{"href":"https:\/\/www.circulobellasartes.org.uy\/site\/wp-json\/wp\/v2\/media?parent=19"}],"curies":[{"name":"wp","href":"https:\/\/api.w.org\/{rel}","templated":true}]}}