{"id":13,"date":"2012-09-27T00:11:10","date_gmt":"2012-09-27T00:11:10","guid":{"rendered":"http:\/\/www.circulobellasartes.org.uy\/site\/?page_id=13"},"modified":"2012-10-06T14:25:57","modified_gmt":"2012-10-06T14:25:57","slug":"sede","status":"publish","type":"page","link":"https:\/\/www.circulobellasartes.org.uy\/site\/sede\/","title":{"rendered":"Sede"},"content":{"rendered":"<p style=\"text-align: justify;\"><strong>Casa de Ra\u00fal Montero Bustamante<\/strong><\/p>\n<p style=\"text-align: justify;\"><a href=\"\/site\/wp-content\/uploads\/2011\/08\/Frente3.jpg\" target=\"_blank\"><img decoding=\"async\" class=\"alignright  wp-image-200\" title=\"Sede del Circulo de Bellas Artes\" src=\"\/site\/wp-content\/uploads\/2011\/08\/Frente3-267x300.jpg\" alt=\"Sede del Circulo de Bellas Artes\" \/><\/a>El 15 de agosto de 1963 fue firmada la escritura mediante la cual qued\u00f3 incorporada al dominio del estado la casa que construy\u00f3 y en la que vivi\u00f3 hasta su muerte, ocurrida el 15 de agosto de 1958, el escritor Ra\u00fal Montero Bustamante.<\/p>\n<p>Esta casa est\u00e1 ubicada en la calle Tabar\u00e9 2416 contigua al edificio y jard\u00edn de la casa del poeta Juan Zorrilla de San Mart\u00edn convertida en Museo y Escuela C\u00edvica.<\/p>\n<p style=\"text-align: justify;\">El 9 de junio de 1964 el Poder Ejecutivo, en acuerdo celebrado con el Ministerio de Instrucci\u00f3n P\u00fablica, dispuso que en esa casa se instalara una secci\u00f3n del Museo Nacional de Bellas Artes destinada a la exhibici\u00f3n de los Grandes y Primeros Premios de los Salones Nacionales de Bellas Artes que se realizan desde 1937. Despu\u00e9s de efectuados los trabajos de restauraci\u00f3n de este edificio que estuvieron a cargo de los Arquitectos de la Direcci\u00f3n que estuvieron a cargo de los Arquitectos de la Direcci\u00f3n General de Arquitectura del Ministerio de Obras P\u00fablicas, se procedi\u00f3 a la inauguraci\u00f3n de la expresada secci\u00f3n del Museo Nacional de Bellas Artes, acto que tuvo lugar el 12 de octubre de 1966.<\/p>\n<p style=\"text-align: justify;\">El Ministro de Instrucci\u00f3n P\u00fablica y Previsi\u00f3n Social, en el discurso pronunciado en esta oportunidad, expres\u00f3: \u201cCon el asesoramiento de su suegro, el poeta Juan Zorrilla de San Mart\u00edn y del hijo de \u00e9ste el escultor Jos\u00e9 Luis, Montero concibi\u00f3 las plantas y las l\u00edneas de esta casa que comenz\u00f3 a construir hace medio siglo, a cuya f\u00e1brica incorpor\u00f3 ventanas y puertas, rejas y balcones de los edificios coloniales de la ciudad vieja destru\u00eddos por la ola devastadora que se llev\u00f3 para siempre tanta noble expresi\u00f3n de una manera de vivir y de sentir la vida. Complet\u00f3 sus esfuerzos en sucesivas etapas con el cari\u00f1o y la emoci\u00f3n del art\u00edfice que levanta su morada y la de sus hijos, rescatando valores del pasado a los que prolong\u00f3 su vigencia a trav\u00e9s del nuevo destino, que fue el de esta casa, primero, su casa de descanso y desde 1931, la que habit\u00f3 con su familia hasta el d\u00eda de su muerte y en la que cumpli\u00f3 la etapa m\u00e1s fecunda de su vida literaria y de orientador de la cultura nacional.<\/p>\n<p style=\"text-align: justify;\">Este edificio fue el taller en el que model\u00f3 su obra un gran escritor, contiguo a la casa del poeta de \u201cTabar\u00e9\u201d y de la \u201cEpopeya de Artigas\u201d con la que forma desde hoy una unidad muse\u00edstica; es, adem\u00e1s, un bello exponente arquitect\u00f3nico concebido con sujeci\u00f3n a c\u00e1nones que enraizan con la tradici\u00f3n hisp\u00e1nica del viejo Montevideo colonial.<\/p>\n<p style=\"text-align: justify;\">El gobierno de la Rep\u00fablica decidi\u00f3 conservarlo velando por la preservaci\u00f3n de todos los motivos nobles de nuestra cultura. No como una manifestaci\u00f3n aislada sino como parte integrante de un programa para restaurar los monumentos hist\u00f3ricos nacionales y aplicarlos a destinos que armonicen con su car\u00e1cter\u201c.<\/p>\n<p style=\"text-align: justify;\">Las obras de restauraci\u00f3n se efectuaron bajo la direcci\u00f3n de los Arqtos. Ruben Tarallo y Luis Patrone.<\/p>\n<p style=\"text-align: justify;\"><em>(Texto del libro editado por el Ministerio de Instrucci\u00f3n P\u00fablica y Previsi\u00f3n Social en 1967 \u201cLa conservaci\u00f3n de los monumentos hist\u00f3ricos nacionales\u201d.)<\/em><\/p>\n","protected":false},"excerpt":{"rendered":"<p>Casa de Ra\u00fal Montero Bustamante El 15 de agosto de 1963 fue firmada la escritura mediante la cual qued\u00f3 incorporada al dominio del estado la casa que construy\u00f3 y en la que vivi\u00f3 hasta su muerte, ocurrida el 15 de agosto de 1958, el escritor Ra\u00fal Montero Bustamante. Esta casa est\u00e1 ubicada en la calle [&hellip;]<\/p>\n","protected":false},"author":2,"featured_media":0,"parent":0,"menu_order":3,"comment_status":"open","ping_status":"open","template":"","meta":{"footnotes":""},"class_list":["post-13","page","type-page","status-publish","hentry"],"jetpack_sharing_enabled":true,"_links":{"self":[{"href":"https:\/\/www.circulobellasartes.org.uy\/site\/wp-json\/wp\/v2\/pages\/13","targetHints":{"allow":["GET"]}}],"collection":[{"href":"https:\/\/www.circulobellasartes.org.uy\/site\/wp-json\/wp\/v2\/pages"}],"about":[{"href":"https:\/\/www.circulobellasartes.org.uy\/site\/wp-json\/wp\/v2\/types\/page"}],"author":[{"embeddable":true,"href":"https:\/\/www.circulobellasartes.org.uy\/site\/wp-json\/wp\/v2\/users\/2"}],"replies":[{"embeddable":true,"href":"https:\/\/www.circulobellasartes.org.uy\/site\/wp-json\/wp\/v2\/comments?post=13"}],"version-history":[{"count":5,"href":"https:\/\/www.circulobellasartes.org.uy\/site\/wp-json\/wp\/v2\/pages\/13\/revisions"}],"predecessor-version":[{"id":77,"href":"https:\/\/www.circulobellasartes.org.uy\/site\/wp-json\/wp\/v2\/pages\/13\/revisions\/77"}],"wp:attachment":[{"href":"https:\/\/www.circulobellasartes.org.uy\/site\/wp-json\/wp\/v2\/media?parent=13"}],"curies":[{"name":"wp","href":"https:\/\/api.w.org\/{rel}","templated":true}]}}