{"id":11,"date":"2012-09-27T00:10:45","date_gmt":"2012-09-27T00:10:45","guid":{"rendered":"http:\/\/www.circulobellasartes.org.uy\/site\/?page_id=11"},"modified":"2012-10-06T13:45:56","modified_gmt":"2012-10-06T13:45:56","slug":"historia","status":"publish","type":"page","link":"https:\/\/www.circulobellasartes.org.uy\/site\/historia\/","title":{"rendered":"Historia"},"content":{"rendered":"<p style=\"text-align: justify;\"><a href=\"\/site\/wp-content\/uploads\/2011\/08\/afiche.jpg\"><img decoding=\"async\" class=\"alignright  wp-image-196\" title=\"afiche\" src=\"\/site\/wp-content\/uploads\/2011\/08\/afiche.jpg\" alt=\"\" \/><\/a>El C\u00edrculo de Bellas Artes, la instituci\u00f3n pionera en la orientaci\u00f3n de las vocaciones por las bellas artes, festeja el 105 aniversario de su fecunda labor. Es oportuno resaltar su obra mantenida a costa de grandes sacrificios por parte de esta instituci\u00f3n, con la cooperaci\u00f3n modest\u00edsima, sin permanencia y sin continuidad, de alguna subvenci\u00f3n oficial. Hay dos per\u00edodos de su larga historia.<\/p>\n<p style=\"text-align: justify;\">Un <span style=\"text-decoration: underline;\"><a title=\"Historia \u2013 Primer per\u00edodo\" href=\"http:\/\/www.circulobellasartes.org.uy\/site\/historia\/historia-primer-periodo\/\">primer per\u00edodo<\/a><\/span>, desde la fundaci\u00f3n en 1905 al a\u00f1o 1943 en que sobre la organizaci\u00f3n docente y administrativa del C\u00edrculo, se crea la Escuela Nacional de Bellas Artes. El <span style=\"text-decoration: underline;\"><a title=\"Historia \u2013 Segundo per\u00edodo\" href=\"http:\/\/www.circulobellasartes.org.uy\/site\/historia\/historia-segundo-periodo\/\">segundo per\u00edodo<\/a><\/span>, desde la \u00faltima fecha a los d\u00edas que corren.<\/p>\n<p style=\"text-align: justify;\">Citar nombres de todos los que de una manera u otra (directores, profesores, alumnos, socios y de autoridades nacionales, en el \u00e1mbito municipal o en el Poder Central) estuvieron vinculados a la obra y a la historia del C\u00edrculo, llevar\u00eda largo espacio y podr\u00eda incurrirse en olvidos u omisiones.<\/p>\n<p style=\"text-align: justify;\">\n","protected":false},"excerpt":{"rendered":"<p>El C\u00edrculo de Bellas Artes, la instituci\u00f3n pionera en la orientaci\u00f3n de las vocaciones por las bellas artes, festeja el 105 aniversario de su fecunda labor. Es oportuno resaltar su obra mantenida a costa de grandes sacrificios por parte de esta instituci\u00f3n, con la cooperaci\u00f3n modest\u00edsima, sin permanencia y sin continuidad, de alguna subvenci\u00f3n oficial. [&hellip;]<\/p>\n","protected":false},"author":2,"featured_media":0,"parent":0,"menu_order":2,"comment_status":"open","ping_status":"open","template":"","meta":{"footnotes":""},"class_list":["post-11","page","type-page","status-publish","hentry"],"jetpack_sharing_enabled":true,"_links":{"self":[{"href":"https:\/\/www.circulobellasartes.org.uy\/site\/wp-json\/wp\/v2\/pages\/11","targetHints":{"allow":["GET"]}}],"collection":[{"href":"https:\/\/www.circulobellasartes.org.uy\/site\/wp-json\/wp\/v2\/pages"}],"about":[{"href":"https:\/\/www.circulobellasartes.org.uy\/site\/wp-json\/wp\/v2\/types\/page"}],"author":[{"embeddable":true,"href":"https:\/\/www.circulobellasartes.org.uy\/site\/wp-json\/wp\/v2\/users\/2"}],"replies":[{"embeddable":true,"href":"https:\/\/www.circulobellasartes.org.uy\/site\/wp-json\/wp\/v2\/comments?post=11"}],"version-history":[{"count":4,"href":"https:\/\/www.circulobellasartes.org.uy\/site\/wp-json\/wp\/v2\/pages\/11\/revisions"}],"predecessor-version":[{"id":48,"href":"https:\/\/www.circulobellasartes.org.uy\/site\/wp-json\/wp\/v2\/pages\/11\/revisions\/48"}],"wp:attachment":[{"href":"https:\/\/www.circulobellasartes.org.uy\/site\/wp-json\/wp\/v2\/media?parent=11"}],"curies":[{"name":"wp","href":"https:\/\/api.w.org\/{rel}","templated":true}]}}